{"id":6904,"date":"2022-03-24T09:59:04","date_gmt":"2022-03-24T07:59:04","guid":{"rendered":"https:\/\/voip-shop.hr\/payment-methods\/"},"modified":"2022-05-23T16:54:12","modified_gmt":"2022-05-23T14:54:12","slug":"payment-methods","status":"publish","type":"page","link":"https:\/\/voip-shop.hr\/en\/payment-methods\/","title":{"rendered":"Payment Methods"},"content":{"rendered":"<p><strong>Budu\u0107i da je ovaj web shop primarno namijenjen pravnim osobama (tvrtkama), naru\u010dene proizvode mo\u017eete platiti na jedan od slijede\u0107a dva na\u010dina:<\/strong><\/p>\n<ul>\n<li><strong>Direktnom uplatom na na\u0161 ra\u010dun<\/strong>\u00a0\u2013 na adresu e-po\u0161te navedenu kod narud\u017ebe \u0161alju se podaci potrebni za uplatu. Kupac mo\u017ee obaviti pla\u0107anje kori\u0161tenjem internet bankarstva ili uplatom u poslovnici banke, po\u0161tanskom uredu, na FINI i sl.<\/li>\n<li><strong>Pla\u0107anje pouze\u0107em<\/strong>\u00a0(po primitku po\u0161iljke) &#8211; omogu\u0107uje kupcu da iznos narud\u017ebe plati dostavlja\u010du prilikom same dostave na navedenu adresu. Pla\u0107anje pouze\u0107em se obavlja isklju\u010divo u gotovini odnosno iznos nije mogu\u0107e platiti kreditnom karticom.<\/li>\n<\/ul>\n","protected":false},"excerpt":{"rendered":"<p>Budu\u0107i da je ovaj web shop primarno namijenjen pravnim osobama (tvrtkama), naru\u010dene proizvode mo\u017eete platiti na jedan od slijede\u0107a dva na\u010dina: Direktnom uplatom na na\u0161 ra\u010dun\u00a0\u2013 na adresu e-po\u0161te navedenu kod narud\u017ebe \u0161alju se podaci potrebni za uplatu. Kupac mo\u017ee obaviti pla\u0107anje kori\u0161tenjem internet bankarstva ili uplatom u poslovnici banke, po\u0161tanskom uredu, na FINI i&hellip; <a class=\"read-more-link\" href=\"https:\/\/voip-shop.hr\/en\/payment-methods\/\">Read More<\/a><\/p>\n","protected":false},"author":1799,"featured_media":0,"parent":0,"menu_order":0,"comment_status":"closed","ping_status":"closed","template":"","meta":{"footnotes":""},"class_list":["post-6904","page","type-page","status-publish","hentry"],"_links":{"self":[{"href":"https:\/\/voip-shop.hr\/en\/wp-json\/wp\/v2\/pages\/6904","targetHints":{"allow":["GET"]}}],"collection":[{"href":"https:\/\/voip-shop.hr\/en\/wp-json\/wp\/v2\/pages"}],"about":[{"href":"https:\/\/voip-shop.hr\/en\/wp-json\/wp\/v2\/types\/page"}],"author":[{"embeddable":true,"href":"https:\/\/voip-shop.hr\/en\/wp-json\/wp\/v2\/users\/1799"}],"replies":[{"embeddable":true,"href":"https:\/\/voip-shop.hr\/en\/wp-json\/wp\/v2\/comments?post=6904"}],"version-history":[{"count":0,"href":"https:\/\/voip-shop.hr\/en\/wp-json\/wp\/v2\/pages\/6904\/revisions"}],"wp:attachment":[{"href":"https:\/\/voip-shop.hr\/en\/wp-json\/wp\/v2\/media?parent=6904"}],"curies":[{"name":"wp","href":"https:\/\/api.w.org\/{rel}","templated":true}]}}