{"id":6910,"date":"2022-03-24T10:40:55","date_gmt":"2022-03-24T08:40:55","guid":{"rendered":"https:\/\/voip-shop.hr\/privacy-policy\/"},"modified":"2022-05-23T16:46:30","modified_gmt":"2022-05-23T14:46:30","slug":"privacy-policy","status":"publish","type":"page","link":"https:\/\/voip-shop.hr\/en\/privacy-policy\/","title":{"rendered":"Privacy Policy"},"content":{"rendered":"<p>FORMEL d.o.o. kao vlasnik ovih Internet stranica ozbiljno shva\u0107a za\u0161titu Va\u0161ih osobnih podataka.<\/p>\n<p>Sukladno Uredbi (EU) 2016\/679 Europskog parlamenta i vije\u0107a od 27. travnja 2016. o za\u0161titi pojedinaca u vezi s obradom osobnih podataka i o slobodnom kretanju takvih podataka te o stavljanju izvan snage Direktive 95\/46\/EZ (Slu\u017ebeni list Europske unije L 119, 4.5.2016., str. 1., u daljnjem tekstu: Op\u0107a uredba o za\u0161titi podataka \u2013 GDPR), koja je u punoj primjeni od dana 25. svibnja 2018. godine u Republici Hrvatskoj i svim zemljama \u010dlanicama Europske unije, kao i Zakonu o provedbi Op\u0107e uredbe o za\u0161titi podataka (Narodne novine broj 42\/18, u daljnjem tekstu: Zakon) odnosno sukladno pravnom okviru za\u0161tite osobnih podataka u Republici Hrvatskoj i Europskoj uniji te najboljoj europskoj praksi, tvrtka:<\/p>\n<p>FORMEL d.o.o. Zagreba\u010dka cesta 20, 10.000 Zagreb<br \/>\nOIB: 98470399801<br \/>\nMBS: 080188418<br \/>\nOdgovorna osoba: \u017deljko \u0106urkovi\u0107<\/p>\n<p>se obvezuje da ne\u0107e zloupotrebljavati osobne podatke iz obrasca narud\u017ebe i ostalih kontakt formi, niti ih proslje\u0111ivati tre\u0107im stranama i svojim poslovnim partnerima te je izradila ovu Izjavu o privatnosti i sigurnosti.<\/p>\n<p>Ova pravila o privatnosti (&#8220;pravila&#8221;) obja\u0161njavaju kako FORMEL d.o.o., Zagreba\u010dka cesta 20, 10 000 Zagreb, (dalje u tekstu: &#8220;FORMEL&#8221;) prikuplja, koristi i upravlja va\u0161im osobnim podacima koji se nalaze na web stranici i koji su FORMEL-u dostupni kori\u0161tenjem web stranice\u00a0<a href=\"https:\/\/voip-shop.hr\/en\/\">https:\/\/voip-shop.hr\u00a0<\/a>.<\/p>\n<p>FORMEL je posve\u0107en za\u0161titi i po\u0161tivanju va\u0161e privatnosti. Pro\u010ditajte ova pravila pa\u017eljivo kako biste razumjeli za\u0161to i kako prikupljamo va\u0161e osobne podatke te kako \u0107e se oni koristiti. U pogledu osobnih podataka koje prikupljamo, FORMEL je &#8220;voditelj obrade&#8221;, odnosno onaj koji odre\u0111uje potrebe za koje i sredstva kojima se osobni podaci obra\u0111uju.<\/p>\n<p>FORMEL kao pru\u017eatelj usluga web stranice\u00a0<a href=\"https:\/\/voip-shop.hr\/en\/\">https:\/\/voip-shop.hr<\/a>\u00a0 zauzima se za za\u0161titu privatnosti i osobnih podataka.<\/p>\n<p>Ako nas \u017eelite kontaktirati u vezi ovih pravila ili u vezi va\u0161ih osobnih podataka, molimo vas da koristite sljede\u0107e kontakt podatke:<\/p>\n<p>Naziv tvrtke: FORMEL d.o.o.<br \/>\nAdresa: Zagreba\u010dka cesta 20, 10.000 Zagreb, Hrvatska<br \/>\nE-po\u0161ta :\u00a0<a href=\"mailto:voditelj@formel.hr\">voditelj@formel.hr<\/a><\/p>\n<h4>KAKO I KADA PRIKUPLJAMO VA\u0160E OSOBNE PODATKE<\/h4>\n<p>FORMEL osobne podatke prikuplja radi sklapanja i ispunjenja ugovora o kupoprodaji, evidencije ostvarenih narud\u017ebi kupaca, jedinstvene identifikacije korisnika, analize poslovanja, marketinga, provedbe sustava nagra\u0111ivanja, dostave proizvoda, izrade dokumentacije vezane za kupoprodaju, tehni\u010dke podr\u0161ke te autorizacije pla\u0107anja putem kreditnih i debitnih kartica.<\/p>\n<p>Vi\u0161e informacija o situacijama i okolnostima za prikupljanje va\u0161ih osobnih podataka mo\u017eete prona\u0107i ispod, u odjeljku &#8220;Za \u0161to \u0107emo koristiti va\u0161e osobne podatke&#8221; Sjetite se da su to informacije o potencijalnim na\u010dinima kori\u0161tenja osobnih podataka, s kojima se mo\u017eete susresti kada posjetite na\u0161u web stranicu, ostvarite kupnju kod nas ili koristite na\u0161e usluge. U svakom od navedenih slu\u010dajeva, dobit \u0107ete i jasne dodatne informacije o svrsi obrade podataka, a u nekim slu\u010dajevima osim toga trebat \u0107emo i va\u0161e izri\u010dito dopu\u0161tenje za obradu.<br \/>\nMi ne koristimo va\u0161e osobne podatke u marketin\u0161ke svrhe osim ako nam ne ka\u017eete da se s time sla\u017eete. Ako \u017eelite da vam po\u0161aljemo detalje o na\u0161im proizvodima, uslugama, ponudama i promocijama, molimo da se pretplatite na na\u0161 newsletter. Za vi\u0161e informacija posjetite odjeljak &#8220;Marketing&#8221;.<\/p>\n<p>Prema va\u0161im osobnim podacima odnosimo se kao prema povjerljivim podacima, a pravilno ih \u0161titi FORMEL i\/ili na\u0161i pouzdani partneri, a za vi\u0161e informacija pogledajte odjeljak: &#8220;Dijeli li FORMEL podatke s tre\u0107im stranama&#8221;.<\/p>\n<h4><\/h4>\n<h4>KOJE PODATKE PRIKUPLJAMO DIREKTNO OD VAS<\/h4>\n<p>Kada se korisnik uklju\u010di u odre\u0111ene aktivnosti na web stranici\u00a0<a href=\"https:\/\/voip-shop.hr\/en\/\">https:\/\/voip-shop.hr<\/a>\u00a0 kao \u0161to su pretplata na newsletter, pridru\u017eivanje programu lojalnosti, otvaranje korisni\u010dkog ra\u010duna, kori\u0161tenje internetske trgovine, ispunjavanje anketa, objavljivanje komentara, objavljivanje sadr\u017eaja, sudjelovanje u natjecanjima ili nagradnim igrama, slanje povratnih informacija, tra\u017eenje informacija o uslugama, javljanje na oglas za posao, FORMEL mo\u017ee od korisnika zatra\u017eiti davanje odre\u0111enih dodatnih osobnih podataka. U tom slu\u010daju, prije davanja dodatnih osobnih podataka korisnik je obvezan prou\u010diti Pravila privatnosti i Op\u0107e uvjete poslovanja te pristati na njihovu primjenu u odnosu na dodatne podatke.<\/p>\n<p>Ovisno o vrstama aktivnosti, neki su od tra\u017eenih podataka odre\u0111eni kao obvezni, a neki kao dobrovoljni. Ako korisnik ne \u017eeli pru\u017eiti obvezne podatke za aktivnost koja ih zahtijeva, istome ne\u0107e biti dopu\u0161teno uklju\u010divanje u tu aktivnost.<\/p>\n<p>FORMEL prikuplja i koristi osobne podatke kako bi korisnicima omogu\u0107io kori\u0161tenje usluga i aktivnosti putem web stranice\u00a0<a href=\"https:\/\/voip-shop.hr\/en\/\">https:\/\/voip-shop.hr<\/a>, unaprijedio rad web stranice\u00a0<a href=\"https:\/\/voip-shop.hr\/en\/\">https:\/\/voip-shop.hr<\/a>, stvorio bazu podataka korisnika u svrhu unapre\u0111enja usluge i\/ili marketinga, kontaktirao korisnike radi dostave marketin\u0161kih obavijesti, pobolj\u0161ao ogla\u0161iva\u010dke i promocijske aktivnosti te analizirao upotrebu internetske stranice\u00a0<a href=\"https:\/\/voip-shop.hr\/en\/\">https:\/\/voip-shop.hr<\/a>\u00a0. Tako\u0111er, osobni podaci mogu se koristiti za rje\u0161avanje problema, provedbu administracijskih zadataka te uspostavljanje kontakta s korisnicima.<\/p>\n<p>Na internetskoj stranici\u00a0<a href=\"https:\/\/voip-shop.hr\/en\/\">https:\/\/voip-shop.hr<\/a>, FORMEL prikuplja sljede\u0107e osobne podatke ispitanika: ime i prezime, lozinku, broj telefona, adresu, adresu e-po\u0161te, adresu slanja proizvoda, adresu slanja ra\u010duna, po\u0161tanski broj, grad, te OIB samo za tvrtke.<\/p>\n<p>Uvid u osobne podatke korisnika mogu imati, u izvr\u0161avanju svoga djelokruga posla vezano za ugovore o kupoprodaji koje kupci sklapaju s FORMEL-om slijede\u0107e osobe: pravne osobe koje sudjeluju u izvr\u0161avanju ugovora o kupoprodaji kao \u0161to su dostavne slu\u017ebe, informati\u010dka podr\u0161ka, marketin\u0161ka dru\u0161tva, dru\u0161tva koja su povezana s FORMEL-om, javna tijela koja zahtijevaju dostavu osobnih podataka u skladu s propisima koji obvezuju FORMEL, a o \u010demu FORMEL vodi propisane evidencije aktivnosti obrade.<\/p>\n<h4>KAKVA PRAVA NA PRIVATNOST IMATE<\/h4>\n<p>FORMEL po\u0161tuje da svaki korisnik treba imati mogu\u0107nost osigurati to\u010dnost, potpunost i a\u017euriranost svojih osobnih podataka.<br \/>\nAko pak korisnik smatra da su njegovi osobni podaci neto\u010dni ili nisu a\u017eurirani, mo\u017ee kontaktirati FORMEL slanjem na mail\u00a0<a href=\"mailto:prodaja@voip-shop.hr\">prodaja@voip-shop.hr<\/a><\/p>\n<p>Imajte na umu da u bilo kojem trenutku imate pravo od FORMEL zatra\u017eiti sljede\u0107e:<\/p>\n<table class=\"table-main\" border=\"1\" cellspacing=\"1\" cellpadding=\"1\">\n<tbody>\n<tr>\n<td>\n<ul>\n<li>da vam omogu\u0107i pristup va\u0161im osobnim podacima<\/li>\n<\/ul>\n<\/td>\n<td>FORMEL mo\u017eete pitati koje va\u0161e osobne podatke koristi, a mo\u017eete i tra\u017eiti pristup tim osobnim podacima. Imate pravo znati svrhu obrade, koje kategorije va\u0161ih osobnih podataka \u010duvamo, tijela ili kategorije tijela s kojima va\u0161e osobne podatke dijelimo, razdoblje zadr\u017eavanja podataka, kao i izvor podataka u slu\u010daju kada se podaci neizravno prikupljaju.<\/td>\n<\/tr>\n<tr>\n<td>\n<ul>\n<li>da vam osigura kopiju osobnih podatke koje \u010duvamo<\/li>\n<\/ul>\n<\/td>\n<td>Mo\u017eete nas kontaktirati ako \u017eelite kopiju nekih ili svih osobnih podataka koje \u010duvamo o vama.<\/td>\n<\/tr>\n<tr>\n<td>\n<ul>\n<li>zatra\u017eiti ispravak pogre\u0161nih podataka<\/li>\n<\/ul>\n<\/td>\n<td>\u017delimo da su va\u0161e osobne informacije to\u010dne i a\u017eurne. Mo\u017eete nas tra\u017eiti da ispravimo ili uklonimo informacije koje mislite da su neto\u010dne ili zastarjele.<\/td>\n<\/tr>\n<tr>\n<td>\n<ul>\n<li>zatra\u017eiti brisanje osobnih podataka<\/li>\n<\/ul>\n<\/td>\n<td>Mo\u017eete tra\u017eiti da zaustavi obradu ili \u010dak tra\u017eiti brisanje osobnih podataka o vama koje \u010duvamo. Ako va\u0161e osobne podatke trebamo za obavljanje neke ugovorne obveze prema vama, FORMEL bi mogao prestati biti sposoban za izvo\u0111enje takvih ugovornih obveza. Tako\u0111er, ako su va\u0161i osobni podaci potrebni kako bi mogli ostvariti odre\u0111ene zakonske obveze (npr. porezne obveze), va\u0161 zahtjev se mo\u017eda ne\u0107e mo\u0107i ostvariti.<\/td>\n<\/tr>\n<tr>\n<td>\n<ul>\n<li>ograni\u010davanje pristupa va\u0161im podacima (nama i\/ili tre\u0107im osobama) u odre\u0111enim procesima ili u potpunosti<\/li>\n<\/ul>\n<\/td>\n<td>Ako \u017eelite pobijati to\u010dnost podataka, ili vi\u0161e ne trebamo osobne podatke za svrhu obrade, ali su oni vama potrebni za uspostavljanje, izvr\u0161enje ili obradu pravnih zahtjeva ili ste se protivili obradi po osnovi koju smatramo legitimnom, imate pravo tra\u017eiti ograni\u010davanje obrade osobnih podataka.<\/td>\n<\/tr>\n<tr>\n<td>\n<ul>\n<li>podnijeti prigovor na na\u010din kako koristimo va\u0161e podatke<\/li>\n<\/ul>\n<\/td>\n<td>Imate pravo na prigovor oko obrade osobnih podataka koja se temelji na pravnoj osnovi koju FORMEL smatra legitimnom.<\/td>\n<\/tr>\n<tr>\n<td>\n<ul>\n<li>zahtijevati prijenos podataka drugom vr\u0161itelju obrade (prenosivost prava)<\/li>\n<\/ul>\n<\/td>\n<td>Ako se obrada temelji na va\u0161em pristanku ili se obavlja automatskim sredstvima, imate pravo tra\u017eiti od FORMEL prijenos podataka drugom vr\u0161itelju obrade.<\/td>\n<\/tr>\n<\/tbody>\n<\/table>\n<p>Kako biste ostvarili bilo koje od gore navedenih prava molimo koristite FORMEL kontakt podatke iz odjeljka o privatnosti.<\/p>\n<p>Ako niste zadovoljni kako smo prikupili ili upotrijebili va\u0161e osobne podatke, mo\u017eete podnijeti formalnu pritu\u017ebu Agenciji za za\u0161titu osobnih podataka.<\/p>\n<h4>GDJE SE \u010cUVAJU VA\u0160I OSOBNI PODACI<\/h4>\n<p>Osobne podatke koje prikupimo o vama \u010duvamo u sigurnom okru\u017eenju. Va\u0161i osobni podaci su za\u0161ti\u0107eni od neovla\u0161tenog pristupa, otkrivanja, uporabe, izmjena ili uni\u0161tenja od strane bilo koje organizacije ili pojedinca.<\/p>\n<p>Neki podaci jo\u0161 uvijek se pohranjuju u papirnatom obliku, ali imamo tendenciju digitalizirati sve osobne podatke koje obra\u0111ujemo. Obra\u0111eni podaci pohranjuju se u na\u0161im prostorijama i IT sustavima, ali ponekad podatke pohranjujemo na servere na\u0161ih pouzdanih davatelja usluga (trusted service provider).<\/p>\n<p>FORMEL \u0107e osigurati da se osobni podaci korisnika dr\u017ee na sigurnom mjestu (koje uklju\u010duje razumnu administrativnu, tehni\u010dku i fizi\u010dku za\u0161titu kako bi se onemogu\u0107ilo neovla\u0161teno kori\u0161tenje, pristup, razotkrivanje, kopiranje ili izmjena osobnih podataka), kojem mogu pristupiti samo ovla\u0161tene osobe FORMEL-a.<\/p>\n<p>Prikupljeni podaci za svrhe navedene u ovim Pravilima bit \u0107e pohranjeni samo onoliko dugo koliko je to potrebno za ispunjenje navedenih svrha. Va\u0161i se osobni podaci ne\u0107e \u010duvati u obliku koji omogu\u0107uje da budete identificirani du\u017ee nego \u0161to FORMEL razumno smatra da je neophodno za ostvarenje svrhe za koju su prikupljeni ili obra\u0111eni. FORMEL \u0107e odre\u0111ene osobne podatke \u010duvati u vremenskom periodu koji propisuje zakon odnosno propis koji obvezuje FORMEL na \u010duvanje podataka.<\/p>\n<p>Ako ste nam dali privolu, va\u0161e osobne podatke obra\u0111ivat \u0107emo do povla\u010denja privole. Ako izjavite osnovani prigovor na obradu osobnih podataka temeljem legitimnog interesa va\u0161e osobne podatke ne\u0107emo obra\u0111ivati u budu\u0107nosti.<\/p>\n<p>Ako je pokrenut sudski, upravni ili izvansudski postupak, osobni se podaci mogu pohraniti do kraja takvog postupka, uklju\u010duju\u0107i i mogu\u0107e razdoblje za izjavljivanje pravnih lijekova. FORMEL \u0107e odre\u0111ene osobne podatke \u010duvati u vremenskom periodu koji propisuje zakon odnosno propis koji obvezuje voditelja obrade na \u010duvanje podataka.<\/p>\n<h4>RAZMJENJUJE LI FORMEL PODATKE S TRE\u0106IM OSOBAMA?<\/h4>\n<p>Za\u0161tita privatnosti je nam va\u017ena, stoga nikada ne\u0107emo dijeliti va\u0161e osobne podatke s tre\u0107om osobama osim za svrhe opisane u ovim Pravilima i Op\u0107im uvjetima poslovanja.<\/p>\n<p>FORMEL sura\u0111uje s drugim kompanijama . To zna\u010di da ponekad dijelimo va\u0161e osobne podatke, koriste\u0107i sigurne IT sustave. Kada tako postupamo podaci se prenose na servere koji se nalaze u EU ili u zemlji koja osigurava adekvatnu razinu za\u0161tite u skladu s EU zakonodavstvom.<\/p>\n<p>Uz navedeno, va\u0161e osobne informacije mo\u017eemo dati na\u0161im pouzdanim partnerima koji odr\u017eavaju na\u0161 IT sustav ili pru\u017eaju usluge u ime FORMEL. Na primjer, za potrebe marketinga, financija, ogla\u0161avanje, obrade pla\u0107anja, isporuke i druge usluge u i izvan FORMEL. Ti davatelji usluga su ipak du\u017eni, prema relevantnim ugovorima, koristiti podatke koji su im povjereni samo u skladu s na\u0161im smjernicama i isklju\u010divo u svrhu koju smo strogo odredili. Tako\u0111er obvezujemo ih da adekvatno za\u0161titite va\u0161e podatke i da ih smatraju poslovnom tajnom.<\/p>\n<p>U nekim slu\u010dajevima, na\u0161i partneri koji pru\u017eaju usluge u ime ili za FORMEL mogu va\u0161e podatke obraditi izvan Europske unije. Me\u0111utim, ugovori koje sklapamo s takvim subjektima obvezuju ih da va\u0161im podacima postupaju s posebnim sigurnosnim mjerama u skladu s propisima na snazi u dr\u017eavama \u010dlanicama Europske unije.<\/p>\n<p>FORMEL ne bilje\u017ei niti ne pohranjuje transakcijske podatke korisnika potrebne za pla\u0107anje putem kartica.<\/p>\n<h4>KOLIKO DUGO \u0106E FORMEL ZADR\u017dATI VA\u0160E OSOBNE PODATKE<\/h4>\n<p>FORMEL ne\u0107e zadr\u017eati va\u0161e osobne podatke dulje od razdoblja za koje su podaci potrebni kako bi se ispunila svrha njihovog kori\u0161tenja. Vi\u0161e informacija o razdobljima \u010duvanja odre\u0111enih vrsta podataka nalazi se u odjeljku &#8220;Za \u0161to \u0107emo koristiti va\u0161e podatke&#8221;.<\/p>\n<h4>ZA \u0160TO \u0106EMO KORISTITI VA\u0160E PODATKE<\/h4>\n<p>Mo\u017eemo koristiti va\u0161e osobne podatke na nekoliko razli\u010ditih na\u010dina, uglavnom za obavljanje na\u0161ih ugovornih obveza prema vama, ali ponekad i za pobolj\u0161anje va\u0161eg iskustva kupnje, direktni marketing i sigurnosnih razloga.<\/p>\n<h4>OBRADA NALOGA I PRU\u017dANJE USLUGA<\/h4>\n<p>Kada obavite kupnju putem web trgovine, ovisno o slu\u010daju, mo\u017eda \u0107emo zatra\u017eiti da date odre\u0111ene osobne podatke koji su potrebni za pravilnu obradu va\u0161e kupnje.<\/p>\n<p>Kupac daje suglasnost da FORMEL mo\u017ee obra\u0111ivati dane osobne podatke za potrebe vlastitih evidencija i statistike, za potrebe stvaranja baze podataka o kupcima, obavje\u0161tavanja o proizvodima i uslugama, za potrebe informiranja o isporuci, za potrebe dostave promotivnih materijala, unaprje\u0111enja odnosa s kupcima te unapre\u0111enja usluga. FORMEL navedene podatke mo\u017ee davati tre\u0107im stranama u svrhu izvr\u0161avanja ugovora, za\u0161tite interesa korisnika i FORMEL te sprje\u010davanja eventualnih zloporaba, potrebe \u0161to boljeg uvida i razumijevanja pojedina\u010dnih potreba i zahtjeva korisnika kao i razvijanja mogu\u0107nosti \u0161to kvalitetnijeg pru\u017eanja svih usluga FORMEL koji za rezultat imaju pove\u0107anje zadovoljstva korisnika.<\/p>\n<p>FORMEL \u0107e \u010duvati osobne podatke onoliko koliko je to potrebno za svrhe predvi\u0111ene ovim Pravilima i Op\u0107im uvjetima poslovanja.<\/p>\n<p>Kako bi osigurali da se proizvodi i usluge koje kupite kod nas dostave na ispravnu adresu, va\u0161e osobne podatke koji su potrebni za pru\u017eanje pojedinih usluga dijelimo s pouzdanim vanjskim partnerima (npr. va\u0161e ime, adresa dostave i poruke uz isporuku koje ste naveli \u2013 poput doba dana kada \u017eelite primati dostavu). Osim osobnih podataka, FORMEL mo\u017ee od korisnika zatra\u017eiti i druge podatke kojima se iste ne mo\u017ee identificirati, te se ne smatraju osobnim podacima (primjerice podatke o na\u010dinu kori\u0161tenja stranica, ra\u010dunalu, internetskom poslu\u017eitelju, preferencijama), a koje FORMEL omogu\u0107uju kvalitetnije, preciznije i osobnije odabiranje podataka za korisnike, unapre\u0111enje web stranice te dodatno usmjeravanje i prilago\u0111avanje njezinih sadr\u017eaja korisnicima. Na temelju tih podataka FORMEL saznaje informacije o tome koji su sadr\u017eaji najpopularniji me\u0111u kojim korisnicima.<\/p>\n<h4>KOLA\u010cI\u0106I<\/h4>\n<p>Zadr\u017eat \u0107emo i procijeniti informacije o va\u0161em nedavnom posjetu na\u0161oj web stranici i kako ste koristili razli\u010dite dijelove na\u0161e web stranice radi analiti\u010dkih ciljeva, odnosno kako bismo razumjeli na koji na\u010din korisnici koriste na\u0161e web stranice.<\/p>\n<p>Kako bi odr\u017eavali web stranicu i osigurali da njezine funkcionalnosti budu na o\u010dekivanoj razini, FORMEL koristi tehnologiju poznatu kao &#8220;kola\u010di\u0107i&#8221;. Kola\u010di\u0107i su male datoteke koje se \u0161alju na va\u0161e ra\u010dunalo i mo\u017eemo im kasnije pristupiti. Oni mogu biti privremeni ili trajni. Zahvaljuju\u0107i kola\u010di\u0107ima mo\u017eete bez pote\u0161ko\u0107a pretra\u017eivati na\u0161e stranice te prikazivati rezultate koji su relevantni za vas. Kola\u010di\u0107i nam pokazuju ono \u0161to zanima vas i druge posjetitelje na\u0161e web stranice, \u0161to nam poma\u017ee da ju pobolj\u0161amo.<\/p>\n<p>Vi\u0161e o kola\u010di\u0107ima pro\u010ditajte u Pravilima o kori\u0161tenju kola\u010di\u0107a.<\/p>\n<h4>DRUGE WEB STRANICE<\/h4>\n<p>Ova Pravila privatnosti odnose se samo na upotrebu i kori\u0161tenje podataka koje FORMEL prikuplja od korisnika (ispitanika). Druge web stranice kojima se mo\u017ee pristupiti putem web stranice\u00a0<strong>www.voip-shop.hr<\/strong>\u00a0\u00a0imaju vlastite izjave o povjerljivosti i prikupljanju podataka te na\u010dine njihovog kori\u0161tenja i objavljivanja.<br \/>\nAko preko web stranice\u00a0<strong>www.voip-shop.hr\u00a0<\/strong>korisnik posjeti jednu ili vi\u0161e drugih web stranica, FORMEL preporu\u010duje korisnicima da pregledaju izjavu o povjerljivosti podataka te stranice.<\/p>\n<p>FORMEL nije odgovoran za na\u010dine i uvjete rada tre\u0107ih strana.<\/p>\n<h4>MARKETING<\/h4>\n<p>FORMEL \u0107e vam poslati informacije o na\u0161im proizvodima i uslugama za koje bi mogli biti zainteresirani samo ako se odlu\u010dite za to. Imajte na umu da \u010dak i ako ste pristali primati na\u0161e marketin\u0161ke poruke (newsletter), mo\u017eete od primanja istih odustati u svakom trenutku.<\/p>\n<h4>STUPANJE NA SNAGU OVE PROMJENE PRAVILA O PRIVATNOSTI<\/h4>\n<p>Ova Pravila stupaju na snagu 01. sje\u010dnja 2022.<\/p>\n<p>FORMEL zadr\u017eava pravo izmjene i dopune Pravila privatnosti te \u0107e isti biti objavljeni na ovoj web stranici.<\/p>\n<hr \/>\n","protected":false},"excerpt":{"rendered":"<p>FORMEL d.o.o. kao vlasnik ovih Internet stranica ozbiljno shva\u0107a za\u0161titu Va\u0161ih osobnih podataka. Sukladno Uredbi (EU) 2016\/679 Europskog parlamenta i vije\u0107a od 27. travnja 2016. o za\u0161titi pojedinaca u vezi s obradom osobnih podataka i o slobodnom kretanju takvih podataka te o stavljanju izvan snage Direktive 95\/46\/EZ (Slu\u017ebeni list Europske unije L 119, 4.5.2016., str.&hellip; <a class=\"read-more-link\" href=\"https:\/\/voip-shop.hr\/en\/privacy-policy\/\">Read More<\/a><\/p>\n","protected":false},"author":1799,"featured_media":0,"parent":0,"menu_order":0,"comment_status":"closed","ping_status":"closed","template":"","meta":{"footnotes":""},"class_list":["post-6910","page","type-page","status-publish","hentry"],"_links":{"self":[{"href":"https:\/\/voip-shop.hr\/en\/wp-json\/wp\/v2\/pages\/6910","targetHints":{"allow":["GET"]}}],"collection":[{"href":"https:\/\/voip-shop.hr\/en\/wp-json\/wp\/v2\/pages"}],"about":[{"href":"https:\/\/voip-shop.hr\/en\/wp-json\/wp\/v2\/types\/page"}],"author":[{"embeddable":true,"href":"https:\/\/voip-shop.hr\/en\/wp-json\/wp\/v2\/users\/1799"}],"replies":[{"embeddable":true,"href":"https:\/\/voip-shop.hr\/en\/wp-json\/wp\/v2\/comments?post=6910"}],"version-history":[{"count":0,"href":"https:\/\/voip-shop.hr\/en\/wp-json\/wp\/v2\/pages\/6910\/revisions"}],"wp:attachment":[{"href":"https:\/\/voip-shop.hr\/en\/wp-json\/wp\/v2\/media?parent=6910"}],"curies":[{"name":"wp","href":"https:\/\/api.w.org\/{rel}","templated":true}]}}